{"id":30,"date":"2025-12-22T12:45:20","date_gmt":"2025-12-22T11:45:20","guid":{"rendered":"https:\/\/site.wstr.fr\/?page_id=30"},"modified":"2026-01-10T19:19:33","modified_gmt":"2026-01-10T18:19:33","slug":"offres","status":"publish","type":"page","link":"https:\/\/site.wstr.fr\/?page_id=30","title":{"rendered":"Offres"},"content":{"rendered":"<h2><a href=\"https:\/\/site.wstr.fr\/\">DIGISITE.<\/a><\/h2>\n<nav data-widget-number=\"669\" aria-label=\"AETHER.\">\n\t\t\t\t\t<button id=\"menu-toggle-669\" aria-haspopup=\"true\" aria-expanded=\"false\" aria-controls=\"menubar-669\" aria-label=\"Menu Toggle\"><br \/>\n\t\t\t\t<svg viewBox=\"0 0 1000 1000\" xmlns=\"http:\/\/www.w3.org\/2000\/svg\"><path d=\"M104 333H896C929 333 958 304 958 271S929 208 896 208H104C71 208 42 237 42 271S71 333 104 333ZM104 583H896C929 583 958 554 958 521S929 458 896 458H104C71 458 42 487 42 521S71 583 104 583ZM104 833H896C929 833 958 804 958 771S929 708 896 708H104C71 708 42 737 42 771S71 833 104 833Z\"><\/path><\/svg><br \/>\n\t\t\t\t<svg viewBox=\"0 0 1000 1000\" xmlns=\"http:\/\/www.w3.org\/2000\/svg\"><path d=\"M742 167L500 408 258 167C246 154 233 150 217 150 196 150 179 158 167 167 154 179 150 196 150 212 150 229 154 242 171 254L408 500 167 742C138 771 138 800 167 829 196 858 225 858 254 829L496 587 738 829C750 842 767 846 783 846 800 846 817 842 829 829 842 817 846 804 846 783 846 767 842 750 829 737L588 500 833 258C863 229 863 200 833 171 804 137 775 137 742 167Z\"><\/path><\/svg><br \/>\n\t\t<\/button><\/p>\n<ul>\n<li>\n\t\t\t\t\t<a href=\"https:\/\/site.wstr.fr\/\"><br \/>\n\t\t\t\t\t\t\t\t<svg aria-hidden=\"true\" viewBox=\"0 0 448 512\" xmlns=\"http:\/\/www.w3.org\/2000\/svg\"><path d=\"M436 160c6.6 0 12-5.4 12-12v-40c0-6.6-5.4-12-12-12h-20V48c0-26.5-21.5-48-48-48H48C21.5 0 0 21.5 0 48v416c0 26.5 21.5 48 48 48h320c26.5 0 48-21.5 48-48v-48h20c6.6 0 12-5.4 12-12v-40c0-6.6-5.4-12-12-12h-20v-64h20c6.6 0 12-5.4 12-12v-40c0-6.6-5.4-12-12-12h-20v-64h20zm-228-32c35.3 0 64 28.7 64 64s-28.7 64-64 64-64-28.7-64-64 28.7-64 64-64zm112 236.8c0 10.6-10 19.2-22.4 19.2H118.4C106 384 96 375.4 96 364.8v-19.2c0-31.8 30.1-57.6 67.2-57.6h5c12.3 5.1 25.7 8 39.8 8s27.6-2.9 39.8-8h5c37.1 0 67.2 25.8 67.2 57.6v19.2z\"><\/path><\/svg><br \/>\n\t\t\t\t\t\t\t\t<svg aria-hidden=\"true\" viewBox=\"0 0 448 512\" xmlns=\"http:\/\/www.w3.org\/2000\/svg\"><path d=\"M436 160c6.6 0 12-5.4 12-12v-40c0-6.6-5.4-12-12-12h-20V48c0-26.5-21.5-48-48-48H48C21.5 0 0 21.5 0 48v416c0 26.5 21.5 48 48 48h320c26.5 0 48-21.5 48-48v-48h20c6.6 0 12-5.4 12-12v-40c0-6.6-5.4-12-12-12h-20v-64h20c6.6 0 12-5.4 12-12v-40c0-6.6-5.4-12-12-12h-20v-64h20zm-228-32c35.3 0 64 28.7 64 64s-28.7 64-64 64-64-28.7-64-64 28.7-64 64-64zm112 236.8c0 10.6-10 19.2-22.4 19.2H118.4C106 384 96 375.4 96 364.8v-19.2c0-31.8 30.1-57.6 67.2-57.6h5c12.3 5.1 25.7 8 39.8 8s27.6-2.9 39.8-8h5c37.1 0 67.2 25.8 67.2 57.6v19.2z\"><\/path><\/svg><br \/>\n\t\t\t\t\t\t\tACCEUIL<br \/>\n\t\t\t\t\t<\/a>\n\t\t\t\t\t\t\t<\/li>\n<li>\n\t\t\t\t\t\t\tOFFRES\n\t\t\t\t\t\t\t<\/li>\n<li>\n\t\t\t\t\t<a href=\"https:\/\/site.wstr.fr\/?page_id=334\"><br \/>\n\t\t\t\t\t\t\tCONTACT<br \/>\n\t\t\t\t\t<\/a>\n\t\t\t\t\t\t\t<\/li>\n<\/ul>\n<\/nav>\n<h2>les meilleurs offres<\/h2>\n<h2>Propulsez votre activit\u00e9<br \/>\navec<br \/>\nune<br \/>\npr\u00e9sence digitale qui vous ressemble.<\/h2>\n<h3>\n\t\t\t\t\t\tBASIC\t\t\t\t\t\t<\/h3>\n<p>\t\t\t\t\t\t\tSite vitrine<br \/>\n\t\t\t\t\t\t\t\t&#8364;<br \/>\n\t\t\t\t\t\t799<br \/>\n\t\t\t\t\t\t\t99\t\t\t\t\t\t<\/p>\n<ul>\n<li>\n\t\t\t\t\t\t\t\t\t\tArchitecture Single-Page Impactante.\n\t\t\t\t\t\t<\/li>\n<li>\n\t\t\t\t\t\t\t\t\t\tDesign Haute Performance.\n\t\t\t\t\t\t<\/li>\n<li>\n\t\t\t\t\t\t\t\t\t\tParcours Client Fluide (UX Design).\n\t\t\t\t\t\t<\/li>\n<\/ul>\n<p>\t\t\t\t\t\t\t\t\t\t\t<a href=\"#\"><br \/>\n\t\t\t\t\t\t\t\ud83c\udff7\ufe0fDEVIS\t\t\t\t\t\t<\/a><br \/>\n\t\t\t\t\t\t\tBy AETHER\t\t\t\t\t\t<\/p>\n<h3>\n\t\t\t\t\t\tCOMPLET\t\t\t\t\t\t<\/h3>\n<p>\t\t\t\t\t\t\tSite vitrine + Page produit \/ Catalogue<br \/>\n\t\t\t\t\t\t\t\t&#8364;<br \/>\n\t\t\t\t\t\t1299<br \/>\n\t\t\t\t\t\t\t99\t\t\t\t\t\t<\/p>\n<ul>\n<li>\n\t\t\t\t\t\t\t\t\t\tArchitecture Single-Page Impactante.\n\t\t\t\t\t\t<\/li>\n<li>\n\t\t\t\t\t\t\t\t\t\tDesign Haute Performance.\n\t\t\t\t\t\t<\/li>\n<li>\n\t\t\t\t\t\t\t\t\t\tParcours Client Fluide (UX Design).\n\t\t\t\t\t\t<\/li>\n<\/ul>\n<p>\t\t\t\t\t\t\t\t\t\t\t<a href=\"#\"><br \/>\n\t\t\t\t\t\t\t\ud83c\udff7\ufe0fDEVIS\t\t\t\t\t\t<\/a><br \/>\n\t\t\t\t\t\t\tBy AETHER\t\t\t\t\t\t<\/p>\n<h3>\n\t\t\t\t\t\tPREMIUM\t\t\t\t\t\t<\/h3>\n<p>\t\t\t\t\t\t\tSite compelt + effet 3D<br \/>\n\t\t\t\t\t\t\t\t&#8364;<br \/>\n\t\t\t\t\t\t9444<br \/>\n\t\t\t\t\t\t\t99\t\t\t\t\t\t<\/p>\n<ul>\n<li>\n\t\t\t\t\t\t\t\t\t\tArchitecture Single-Page Impactante.\n\t\t\t\t\t\t<\/li>\n<li>\n\t\t\t\t\t\t\t\t\t\tDesign Haute Performance.\n\t\t\t\t\t\t<\/li>\n<li>\n\t\t\t\t\t\t\t\t\t\tParcours Client Fluide (UX Design).\n\t\t\t\t\t\t<\/li>\n<\/ul>\n<p>\t\t\t\t\t\t\t\t\t\t\t<a href=\"#\"><br \/>\n\t\t\t\t\t\t\t\ud83c\udff7\ufe0fDEVIS\t\t\t\t\t\t<\/a><br \/>\n\t\t\t\t\t\t\tBy AETHER<br \/>\n\t\t\t\t\t\t\t\t\t<svg viewBox=\"0 0 320 512\" xmlns=\"http:\/\/www.w3.org\/2000\/svg\"><path d=\"M310.706 413.765c-1.314-6.63-7.835-10.872-14.424-9.369-10.692 2.439-27.422 5.413-45.426 5.413-56.763 0-101.929-34.79-121.461-85.449h113.689a12 12 0 0 0 11.708-9.369l6.373-28.36c1.686-7.502-4.019-14.631-11.708-14.631H115.22c-1.21-14.328-1.414-28.287.137-42.245H261.95a12 12 0 0 0 11.723-9.434l6.512-29.755c1.638-7.484-4.061-14.566-11.723-14.566H130.184c20.633-44.991 62.69-75.03 117.619-75.03 14.486 0 28.564 2.25 37.851 4.145 6.216 1.268 12.347-2.498 14.002-8.623l11.991-44.368c1.822-6.741-2.465-13.616-9.326-14.917C290.217 34.912 270.71 32 249.635 32 152.451 32 74.03 92.252 45.075 176H12c-6.627 0-12 5.373-12 12v29.755c0 6.627 5.373 12 12 12h21.569c-1.009 13.607-1.181 29.287-.181 42.245H12c-6.627 0-12 5.373-12 12v28.36c0 6.627 5.373 12 12 12h30.114C67.139 414.692 145.264 480 249.635 480c26.301 0 48.562-4.544 61.101-7.788 6.167-1.595 10.027-7.708 8.788-13.957l-8.818-44.49z\"><\/path><\/svg>\t\t\t\t\t\t\t\t<\/p>\n<h3>\n\t\t\t\t\t\t\t\tFINANCEMENT\t\t\t\t\t\t\t<\/h3>\n<p>\t\t\t\t\t\t\t\tComment faire financ\u00e9 votre site enti\u00e8rement !\t\t\t\t\t\t\t<\/p>\n<h3>\n\t\t\t\t\t\t\tFaire une demande de financement ?\t\t\t\t\t\t<\/h3>\n<p>\t\t\t\t\t\t\tV\u00e9rifiez votre \u00e9ligibilit\u00e9, estimez le montant de la prise en charge et d\u00e9couvrez si votre projet peut \u00eatre financ\u00e9 en totalit\u00e9.<br \/>\n\t\t\t\t\t\t\t\t\t\t\t<a><br \/>\n\t\t\t\t\t\t\tFINANCEMENT\t\t\t\t\t\t<\/a><br \/>\n\t\t\t\t\t\t\t<img decoding=\"async\" src=\"https:\/\/site.wstr.fr\/wp-content\/uploads\/2025\/12\/Gemini_Generated_Image_dbhpwjdbhpwjdbhp.png\" alt=\"Anais Leduc\"><br \/>\n\t\t\t\t\t\t\t\t\t\t<cite>Anais Leduc<i>&#9733;<\/i><i>&#9733;<\/i><i>&#9733;<\/i><i>&#9733;<\/i><i>&#9733;<\/i>@artleduc<\/cite>\t\t\t\t\t<svg aria-hidden=\"true\" viewBox=\"0 0 512 512\" xmlns=\"http:\/\/www.w3.org\/2000\/svg\"><path d=\"M256,8C119.1,8,8,119.1,8,256S119.1,504,256,504,504,392.9,504,256,392.9,8,256,8ZM185.3,380a124,124,0,0,1,0-248c31.3,0,60.1,11,83,32.3l-33.6,32.6c-13.2-12.9-31.3-19.1-49.4-19.1-42.9,0-77.2,35.5-77.2,78.1S142.3,334,185.3,334c32.6,0,64.9-19.1,70.1-53.3H185.3V238.1H302.2a109.2,109.2,0,0,1,1.9,20.7c0,70.8-47.5,121.2-118.8,121.2ZM415.5,273.8v35.5H380V273.8H344.5V238.3H380V202.8h35.5v35.5h35.2v35.5Z\"><\/path><\/svg><br \/>\n\t\t\t\t\t\t\u00ab\u00a0Tr\u00e8s satisfaite de mon nouveau site. L&rsquo;\u00e9quipe est pro, r\u00e9active et le r\u00e9sultat est exactement ce que je voulais. Je recommande !\u00a0\u00bb<br \/>\n\t\t\t\t\t\t\t<img decoding=\"async\" src=\"https:\/\/site.wstr.fr\/wp-content\/uploads\/2025\/12\/Gemini_Generated_Image_cmygj1cmygj1cmyg.png\" alt=\"Marc Losof\"><br \/>\n\t\t\t\t\t\t\t\t\t\t<cite>Marc Losof<i>&#9733;<\/i><i>&#9733;<\/i><i>&#9733;<\/i><i>&#9733;<\/i><i>&#9733;<\/i>@mlosof<\/cite>\t\t\t\t\t<svg aria-hidden=\"true\" viewBox=\"0 0 512 512\" xmlns=\"http:\/\/www.w3.org\/2000\/svg\"><path d=\"M256,8C119.1,8,8,119.1,8,256S119.1,504,256,504,504,392.9,504,256,392.9,8,256,8ZM185.3,380a124,124,0,0,1,0-248c31.3,0,60.1,11,83,32.3l-33.6,32.6c-13.2-12.9-31.3-19.1-49.4-19.1-42.9,0-77.2,35.5-77.2,78.1S142.3,334,185.3,334c32.6,0,64.9-19.1,70.1-53.3H185.3V238.1H302.2a109.2,109.2,0,0,1,1.9,20.7c0,70.8-47.5,121.2-118.8,121.2ZM415.5,273.8v35.5H380V273.8H344.5V238.3H380V202.8h35.5v35.5h35.2v35.5Z\"><\/path><\/svg><br \/>\n\t\t\t\t\t\t\u00ab\u00a0Super travail ! Mon site vitrine est moderne, fluide et correspond parfaitement \u00e0 l&rsquo;image de mon entreprise. Merci pour votre \u00e9coute.\u00a0\u00bb<br \/>\n\t\t\t\t\t\t\t<img decoding=\"async\" src=\"https:\/\/site.wstr.fr\/wp-content\/uploads\/2025\/12\/Gemini_Generated_Image_m1470km1470km147.png\" alt=\"Johana Massila\"><br \/>\n\t\t\t\t\t\t\t\t\t\t<cite>Johana Massila<i>&#9733;<\/i><i>&#9733;<\/i><i>&#9733;<\/i><i>&#9733;<\/i><i>&#9733;<\/i>@user74YH43D<\/cite>\t\t\t\t\t<svg aria-hidden=\"true\" viewBox=\"0 0 512 512\" xmlns=\"http:\/\/www.w3.org\/2000\/svg\"><path d=\"M256,8C119.1,8,8,119.1,8,256S119.1,504,256,504,504,392.9,504,256,392.9,8,256,8ZM185.3,380a124,124,0,0,1,0-248c31.3,0,60.1,11,83,32.3l-33.6,32.6c-13.2-12.9-31.3-19.1-49.4-19.1-42.9,0-77.2,35.5-77.2,78.1S142.3,334,185.3,334c32.6,0,64.9-19.1,70.1-53.3H185.3V238.1H302.2a109.2,109.2,0,0,1,1.9,20.7c0,70.8-47.5,121.2-118.8,121.2ZM415.5,273.8v35.5H380V273.8H344.5V238.3H380V202.8h35.5v35.5h35.2v35.5Z\"><\/path><\/svg><br \/>\n\t\t\t\t\t\t\u00ab\u00a0Service impeccable du d\u00e9but \u00e0 la fin. J&rsquo;ai beaucoup appr\u00e9ci\u00e9 les conseils et le suivi personnalis\u00e9. Le site est top !\u00a0\u00bb\t\t\t\t\t<\/p>\n<nav data-widget-number=\"813\" aria-label=\"Menu\">\n\t\t\t\t\t<button id=\"menu-toggle-813\" aria-haspopup=\"true\" aria-expanded=\"false\" aria-controls=\"menubar-813\" aria-label=\"Menu Toggle\"><br \/>\n\t\t\t\t<svg viewBox=\"0 0 1000 1000\" xmlns=\"http:\/\/www.w3.org\/2000\/svg\"><path d=\"M104 333H896C929 333 958 304 958 271S929 208 896 208H104C71 208 42 237 42 271S71 333 104 333ZM104 583H896C929 583 958 554 958 521S929 458 896 458H104C71 458 42 487 42 521S71 583 104 583ZM104 833H896C929 833 958 804 958 771S929 708 896 708H104C71 708 42 737 42 771S71 833 104 833Z\"><\/path><\/svg><br \/>\n\t\t\t\t<svg viewBox=\"0 0 1000 1000\" xmlns=\"http:\/\/www.w3.org\/2000\/svg\"><path d=\"M742 167L500 408 258 167C246 154 233 150 217 150 196 150 179 158 167 167 154 179 150 196 150 212 150 229 154 242 171 254L408 500 167 742C138 771 138 800 167 829 196 858 225 858 254 829L496 587 738 829C750 842 767 846 783 846 800 846 817 842 829 829 842 817 846 804 846 783 846 767 842 750 829 737L588 500 833 258C863 229 863 200 833 171 804 137 775 137 742 167Z\"><\/path><\/svg><br \/>\n\t\t<\/button><\/p>\n<ul>\n<li>\n\t\t\t\t\t\t\tCGV\n\t\t\t\t\t\t\t<\/li>\n<li>\n\t\t\t\t\t\t\tPOLITIQUE\n\t\t\t\t\t\t\t<\/li>\n<li>\n\t\t\t\t\t\t\tCGU\n\t\t\t\t\t\t\t<\/li>\n<\/ul>\n<\/nav>\n<h2>DIGISITE.<\/h2>\n","protected":false},"excerpt":{"rendered":"<p>DIGISITE. ACCEUIL OFFRES CONTACT les meilleurs offres Propulsez votre activit\u00e9 avec une pr\u00e9sence digitale qui vous ressemble. BASIC Site vitrine &#8364; 799 99 Architecture Single-Page Impactante. Design Haute Performance. Parcours Client Fluide (UX Design). \ud83c\udff7\ufe0fDEVIS By AETHER COMPLET Site vitrine + Page produit \/ Catalogue &#8364; 1299 99 Architecture Single-Page Impactante. Design Haute Performance. Parcours [&hellip;]<\/p>\n","protected":false},"author":1,"featured_media":0,"parent":0,"menu_order":0,"comment_status":"closed","ping_status":"closed","template":"elementor_canvas","meta":{"footnotes":""},"class_list":["post-30","page","type-page","status-publish","hentry"],"_links":{"self":[{"href":"https:\/\/site.wstr.fr\/index.php?rest_route=\/wp\/v2\/pages\/30","targetHints":{"allow":["GET"]}}],"collection":[{"href":"https:\/\/site.wstr.fr\/index.php?rest_route=\/wp\/v2\/pages"}],"about":[{"href":"https:\/\/site.wstr.fr\/index.php?rest_route=\/wp\/v2\/types\/page"}],"author":[{"embeddable":true,"href":"https:\/\/site.wstr.fr\/index.php?rest_route=\/wp\/v2\/users\/1"}],"replies":[{"embeddable":true,"href":"https:\/\/site.wstr.fr\/index.php?rest_route=%2Fwp%2Fv2%2Fcomments&post=30"}],"version-history":[{"count":268,"href":"https:\/\/site.wstr.fr\/index.php?rest_route=\/wp\/v2\/pages\/30\/revisions"}],"predecessor-version":[{"id":377,"href":"https:\/\/site.wstr.fr\/index.php?rest_route=\/wp\/v2\/pages\/30\/revisions\/377"}],"wp:attachment":[{"href":"https:\/\/site.wstr.fr\/index.php?rest_route=%2Fwp%2Fv2%2Fmedia&parent=30"}],"curies":[{"name":"wp","href":"https:\/\/api.w.org\/{rel}","templated":true}]}}